{"id":31,"date":"2025-09-09T18:40:53","date_gmt":"2025-09-09T18:40:53","guid":{"rendered":"https:\/\/slotsbjergbyforsamlingshus.dk\/?page_id=31"},"modified":"2025-09-09T18:40:53","modified_gmt":"2025-09-09T18:40:53","slug":"forpagter","status":"publish","type":"page","link":"http:\/\/slotsbjergbyforsamlingshus.dk\/index.php\/forpagter\/","title":{"rendered":"Forpagter"},"content":{"rendered":"\n<figure class=\"wp-block-image size-full is-resized\"><img loading=\"lazy\" decoding=\"async\" width=\"972\" height=\"951\" src=\"https:\/\/slotsbjergbyforsamlingshus.dk\/wp-content\/uploads\/2025\/09\/image-1.png\" alt=\"\" class=\"wp-image-32\" style=\"width:181px;height:auto\" srcset=\"http:\/\/slotsbjergbyforsamlingshus.dk\/wp-content\/uploads\/2025\/09\/image-1.png 972w, http:\/\/slotsbjergbyforsamlingshus.dk\/wp-content\/uploads\/2025\/09\/image-1-300x294.png 300w, http:\/\/slotsbjergbyforsamlingshus.dk\/wp-content\/uploads\/2025\/09\/image-1-768x751.png 768w\" sizes=\"auto, (max-width: 972px) 100vw, 972px\" \/><\/figure>\n\n\n\n<h2 class=\"wp-block-heading\">Om Grill-Bassen<\/h2>\n\n\n\n<p>Grill-Bassen blev stiftet af Mikkel i februar 2020. Efter at have brugt nogle \u00e5r som hobby-grillmester var det tid til at springe ud i eventyret som selvst\u00e6ndig, for at kunne g\u00f8re endnu flere af jeres g\u00e6ster glade og m\u00e6tte.<\/p>\n\n\n\n<p>Hos Grill-Bassen catering og udlejning er kunden i fokus. Vores mission er at hj\u00e6lpe jer med at skabe gode minder med vores l\u00e6kre mad og jeres sk\u00f8nne omgivelser. Uanset om I \u00f8nsker helstegt pattegris, grillbuffet eller noget helt tredje s\u00e5 kan Grill-Bassen klare det.<\/p>\n\n\n\n<p>Vi udlejer ogs\u00e5 slush ice maskiner, fad\u00f8lsanl\u00e6g og andet tilbeh\u00f8r der vil g\u00f8re din fest ekstra sjov. Uanset om I \u00f8nsker at leje en enkelt eller flere, s\u00e5 har vi en l\u00f8sning til dig.<\/p>\n\n\n\n<p><strong>Mikkel Lind\u00f6 Larsen<\/strong><br><em>Direkt\u00f8r &amp; Grillmester<\/em><br>www.Grill-bassen.dk<\/p>\n\n\n\n<p><\/p>\n","protected":false},"excerpt":{"rendered":"<p>Om Grill-Bassen Grill-Bassen blev stiftet af Mikkel i februar 2020. Efter at have brugt nogle \u00e5r som hobby-grillmester var det [&hellip;]<\/p>\n","protected":false},"author":1,"featured_media":0,"parent":0,"menu_order":0,"comment_status":"closed","ping_status":"closed","template":"","meta":{"site-sidebar-layout":"default","site-content-layout":"","ast-site-content-layout":"default","site-content-style":"default","site-sidebar-style":"default","ast-global-header-display":"","ast-banner-title-visibility":"","ast-main-header-display":"","ast-hfb-above-header-display":"","ast-hfb-below-header-display":"","ast-hfb-mobile-header-display":"","site-post-title":"","ast-breadcrumbs-content":"","ast-featured-img":"","footer-sml-layout":"","theme-transparent-header-meta":"","adv-header-id-meta":"","stick-header-meta":"","header-above-stick-meta":"","header-main-stick-meta":"","header-below-stick-meta":"","astra-migrate-meta-layouts":"default","ast-page-background-enabled":"default","ast-page-background-meta":{"desktop":{"background-color":"var(--ast-global-color-5)","background-image":"","background-repeat":"repeat","background-position":"center center","background-size":"auto","background-attachment":"scroll","background-type":"","background-media":"","overlay-type":"","overlay-color":"","overlay-opacity":"","overlay-gradient":""},"tablet":{"background-color":"","background-image":"","background-repeat":"repeat","background-position":"center center","background-size":"auto","background-attachment":"scroll","background-type":"","background-media":"","overlay-type":"","overlay-color":"","overlay-opacity":"","overlay-gradient":""},"mobile":{"background-color":"","background-image":"","background-repeat":"repeat","background-position":"center center","background-size":"auto","background-attachment":"scroll","background-type":"","background-media":"","overlay-type":"","overlay-color":"","overlay-opacity":"","overlay-gradient":""}},"ast-content-background-meta":{"desktop":{"background-color":"var(--ast-global-color-4)","background-image":"","background-repeat":"repeat","background-position":"center center","background-size":"auto","background-attachment":"scroll","background-type":"","background-media":"","overlay-type":"","overlay-color":"","overlay-opacity":"","overlay-gradient":""},"tablet":{"background-color":"var(--ast-global-color-4)","background-image":"","background-repeat":"repeat","background-position":"center center","background-size":"auto","background-attachment":"scroll","background-type":"","background-media":"","overlay-type":"","overlay-color":"","overlay-opacity":"","overlay-gradient":""},"mobile":{"background-color":"var(--ast-global-color-4)","background-image":"","background-repeat":"repeat","background-position":"center center","background-size":"auto","background-attachment":"scroll","background-type":"","background-media":"","overlay-type":"","overlay-color":"","overlay-opacity":"","overlay-gradient":""}},"footnotes":""},"class_list":["post-31","page","type-page","status-publish","hentry"],"_links":{"self":[{"href":"http:\/\/slotsbjergbyforsamlingshus.dk\/index.php\/wp-json\/wp\/v2\/pages\/31","targetHints":{"allow":["GET"]}}],"collection":[{"href":"http:\/\/slotsbjergbyforsamlingshus.dk\/index.php\/wp-json\/wp\/v2\/pages"}],"about":[{"href":"http:\/\/slotsbjergbyforsamlingshus.dk\/index.php\/wp-json\/wp\/v2\/types\/page"}],"author":[{"embeddable":true,"href":"http:\/\/slotsbjergbyforsamlingshus.dk\/index.php\/wp-json\/wp\/v2\/users\/1"}],"replies":[{"embeddable":true,"href":"http:\/\/slotsbjergbyforsamlingshus.dk\/index.php\/wp-json\/wp\/v2\/comments?post=31"}],"version-history":[{"count":1,"href":"http:\/\/slotsbjergbyforsamlingshus.dk\/index.php\/wp-json\/wp\/v2\/pages\/31\/revisions"}],"predecessor-version":[{"id":33,"href":"http:\/\/slotsbjergbyforsamlingshus.dk\/index.php\/wp-json\/wp\/v2\/pages\/31\/revisions\/33"}],"wp:attachment":[{"href":"http:\/\/slotsbjergbyforsamlingshus.dk\/index.php\/wp-json\/wp\/v2\/media?parent=31"}],"curies":[{"name":"wp","href":"https:\/\/api.w.org\/{rel}","templated":true}]}}