{"id":12,"date":"2025-09-09T17:49:30","date_gmt":"2025-09-09T17:49:30","guid":{"rendered":"https:\/\/slotsbjergbyforsamlingshus.dk\/?page_id=12"},"modified":"2025-09-09T17:49:30","modified_gmt":"2025-09-09T17:49:30","slug":"vedtaegter","status":"publish","type":"page","link":"https:\/\/slotsbjergbyforsamlingshus.dk\/index.php\/vedtaegter\/","title":{"rendered":"Vedt\u00e6gter"},"content":{"rendered":"\n<p><strong>SLOTS BJERGBY FORSAMLINGSHUS\u00a0<\/strong><\/p>\n\n\n\n<p><\/p>\n\n\n\n<p>\u00a7 1.&nbsp;<\/p>\n\n\n\n<p>Foreningens form\u00e5l er at drive Slots Bjergby Forsamlingshus p\u00e5 en s\u00e5dan m\u00e5de, at der&nbsp;<\/p>\n\n\n\n<p>for omegnens borgere og foreninger er mulighed for at holde fest, foredrag, m\u00f8der, kurser, eller lignende aktiviteter efter bestyrelsens bestemmelse.&nbsp;<\/p>\n\n\n\n<p>\u00a7 2.&nbsp;<\/p>\n\n\n\n<p>Private fester kan kun afholdes, hvis den, der afholder festen, er medlem af foreningen Slots Bjergby Forsamlingshus.&nbsp;<\/p>\n\n\n\n<p>Medlemsbeviser udstedes af foreningens bestyrelse, eller forpagter. Indt\u00e6gten herfra skal afregnes med forsamlingshuset.&nbsp;<\/p>\n\n\n\n<p>Prisen for medlemskab fasts\u00e6ttes af bestyrelsen.&nbsp;<\/p>\n\n\n\n<p>Medlemmer skal v\u00e6re fyldt 18 \u00e5r.&nbsp;<\/p>\n\n\n\n<p>Medlemsbeviset er g\u00e6ldende et kalender\u00e5r.&nbsp;<\/p>\n\n\n\n<p>Medlemsbeviset giver adgang <strong>til <\/strong>generalforsamlingen med ret til at afgive \u00e9n stemme.&nbsp;<\/p>\n\n\n\n<p>\u00a7 3.&nbsp;<\/p>\n\n\n\n<p>Foreningens \u00f8verste myndighed er generalforsamlingen.&nbsp;<\/p>\n\n\n\n<p>Ordin\u00e6r generalforsamling afholdes inden udgangen af april m\u00e5ned med f\u00f8lgende dagsorden:&nbsp;<\/p>\n\n\n\n<p>1. Valg af dirigent, referent og stemmet\u00e6ller&nbsp;<\/p>\n\n\n\n<p>2. Formandens beretning.&nbsp;<\/p>\n\n\n\n<p>3. Freml\u00e6gning af regnskab til godkendelse.&nbsp;<\/p>\n\n\n\n<p>4. Behandling af indkomne forslag.&nbsp;<\/p>\n\n\n\n<p>5. Valg af bestyrelse.&nbsp;<\/p>\n\n\n\n<p>6. Valg af suppleanter til bestyrelsen. 7. Valg af revisor.&nbsp;<\/p>\n\n\n\n<p>8. Valg af suppleant til revisor.&nbsp;<\/p>\n\n\n\n<p>9. Eventuelt.&nbsp;<\/p>\n\n\n\n<p>Generalforsamlingen v\u00e6lger 2 revisorer, der afg\u00e5r skiftevis hvert andet \u00e5r. Genvalg kan finde sted. Indkaldelse til ordin\u00e6r generalforsamling skal ske med mindst 14 dages varsel, p\u00e5 sociale medier, hjemmesider m.m.&nbsp;<\/p>\n\n\n\n<p>Forslag, der \u00f8nskes behandlet p\u00e5 generalforsamlingen, skal v\u00e6re formanden skriftligt i h\u00e6nde senest 8 dage f\u00f8r. Forslag der ikke har v\u00e6ret bekendtgjort forud, kan ikke behandles. P\u00e5 generalforsamlingen har hvert medlem en stemme, og der kan ikke stemmes ved&nbsp;<\/p>\n\n\n\n<p>fuldmagt.&nbsp;<\/p>\n\n\n\n<p>Generalforsamlingens beslutninger tr\u00e6ffes ved almindelig stemmeflerhed. I tilf\u00e6lde af stemmelighed om et forslag bortfalder forslaget.&nbsp;<\/p>\n\n\n\n<p>I tilf\u00e6lde af stemmelighed ved personvalg afg\u00f8res valget ved lodtr\u00e6kning.&nbsp;<\/p>\n\n\n\n<p>\u00c6ndring af vedt\u00e6gterne kan kun ske, n\u00e5r 2\/3 af de fremm\u00f8dte p\u00e5 en ordin\u00e6r generalforsamling stemmer herfor, samt n\u00e5r \u00e6ndringerne ogs\u00e5 vedtages p\u00e5 en efterf\u00f8lgende ekstraordin\u00e6r generalforsamling. Den ekstraordin\u00e6re generalforsamling skal afholdes senest 3 uger efter den ordin\u00e6re.&nbsp;<\/p>\n\n\n\n<p>\u00a7 4.&nbsp;<\/p>\n\n\n\n<p>Ekstraordin\u00e6r generalforsamling afholdes, n\u00e5r 3\/5 af bestyrelsen \u00f8nsker det, eller n\u00e5r&nbsp;<\/p>\n\n\n\n<p>mindst 10 medlemmer indgiver skriftlig beg\u00e6ring derom til bestyrelsen med angivelse af, hvad der \u00f8nskes behandlet.&nbsp;<\/p>\n\n\n\n<p>Beg\u00e6ringen skal efterkommes senest 3 uger efter, at den er indkommet.&nbsp;<\/p>\n\n\n\n<p>P\u00e5 en ekstraordin\u00e6r generalforsamling kan kun behandles, hvad der er bekendtgjort forud i indkaldelsen.&nbsp;<\/p>\n\n\n\n<p>\u00a7 5.&nbsp;<\/p>\n\n\n\n<p>Forsamlingshuset ledes af en bestyrelse p\u00e5 5 medlemmer, der v\u00e6lges for 2 \u00e5r, og som afg\u00e5r skiftevis to og tre, s\u00e5ledes at 2 bestyrelsesmedlemmer fratr\u00e6der i lige \u00e5r, tre i ulige. Genvalg kan finde sted. Bestyrelsen, der konstituerer sig umiddelbart efter generalforsamlingen, v\u00e6lger selv&nbsp;<\/p>\n\n\n\n<p>sin formand, n\u00e6stformand, sekret\u00e6r og kasserer samt fasts\u00e6tter sin forretningsorden. Udover bestyrelsen v\u00e6lges ogs\u00e5 mindst 1 suppleant, som deltager p\u00e5 m\u00f8derne. Bestyrelsen er beslutningsdygtig, n\u00e5r over halvdelen af dens medlemmer er til stede.&nbsp;<\/p>\n\n\n\n<p>Beslutninger tr\u00e6ffes ved almindelig stemmeflerhed, og ved stemmelighed er formandens stemme afg\u00f8rende.&nbsp;<\/p>\n\n\n\n<p>Suppleanter har ikke stemmeret.&nbsp;<\/p>\n\n\n\n<p>Over bestyrelsens m\u00f8der f\u00f8res referat, der underskrives af formanden (eller i dennes frav\u00e6r n\u00e6stformanden) og sekret\u00e6ren.&nbsp;<\/p>\n\n\n\n<p>Udtr\u00e6den af bestyrelsen meddeles skriftligt til formanden.&nbsp;<\/p>\n\n\n\n<p>\u00a7 6.&nbsp;<\/p>\n\n\n\n<p>Bestyrelsen varetager foreningens daglige ledelse.&nbsp;<\/p>\n\n\n\n<p>Det p\u00e5hviler s\u00e5ledes bl.a. bestyrelsen at medvirke til at skabe tilfredsstillende byg- ningsm\u00e6ssige forhold <strong>til <\/strong>forsamlingshusets aktiviteter, at drage omsorg for udlejning af huset og fasts\u00e6ttelse af lejesatser, at ans\u00e6tte og afskedige personale samt at udarbejde \u00e5rlige&nbsp;<\/p>\n\n\n\n<p>regnskaber, herunder budgetter for driften.&nbsp;<\/p>\n\n\n\n<p>I forbindelse med lokale foreningers arrangementer af kulturel eller social karakter kan bestyrelsen bevilge neds\u00e6ttelse af lejen for huset under hensyntagen til den samlede \u00f8konomi for husets drift. Forsamlingshuset og v\u00e6rten skal have en spiritusbevilling.&nbsp;<\/p>\n\n\n\n<p>Bestyrelsen har ret til at optage l\u00e5n i forsamlingshuset.&nbsp;<\/p>\n\n\n\n<p>Beslutning om k\u00f8b og salg af fast ejendom tr\u00e6ffes af generalforsamlingen.&nbsp;<\/p>\n\n\n\n<p>Der kan meddeles prokura.&nbsp;<\/p>\n\n\n\n<p>\u00a7 7.&nbsp;<\/p>\n\n\n\n<p>Foreningens n\u00f8dvendige kapital til driften tilvejebringes ved offentlige og private tilskud, indsamlinger blandt lokalbefolkningen, arrangementer, bel\u00e5ning af fast ejendom, indt\u00e6gter ved udlejning af lokaler samt ved tegning af medlemsbeviser. Ingen har krav p\u00e5 tilbagebetaling af medlemskabet.&nbsp;<\/p>\n\n\n\n<p>For foreningens forpligtelser h\u00e6fter alene dens aktiver, idet bestyrelsen og tilsluttede medlemmer ikke h\u00e6fter personligt.&nbsp;<\/p>\n\n\n\n<p>\u00a7 8.&nbsp;<\/p>\n\n\n\n<p>Foreningens regnskabs\u00e5r f\u00f8lger kalender\u00e5ret.&nbsp;<\/p>\n\n\n\n<p>Regnskabet, der skal indeholde driftsregnskab og status, revideres f\u00f8r generalforsamlingen af foreningens to generalforsamlingsvalgte revisorer.&nbsp;<\/p>\n\n\n\n<p>\u00a7 9.&nbsp;<\/p>\n\n\n\n<p>Til oph\u00e6velse af foreningens virksomhed kr\u00e6ves 2\/3 flertal af samtlige fremm\u00f8dte medlemmer p\u00e5 2 p\u00e5 hinanden f\u00f8lgende generalforsamlinger.&nbsp;<\/p>\n\n\n\n<p>I tilf\u00e6lde af opl\u00f8sning afgiver bestyrelsen til generalforsamlingen indstilling om anvendelse af foreningens formue til almennyttige og kulturelle form\u00e5l inden for Slots Bjergby og omegn.&nbsp;<\/p>\n\n\n\n<p>Vedtaget p\u00e5 ekstraordin\u00e6r generalforsamling 28-03-2023 &nbsp;<\/p>\n","protected":false},"excerpt":{"rendered":"<p>SLOTS BJERGBY FORSAMLINGSHUS\u00a0 \u00a7 1.&nbsp; Foreningens form\u00e5l er at drive Slots Bjergby Forsamlingshus p\u00e5 en s\u00e5dan m\u00e5de, at der&nbsp; for [&hellip;]<\/p>\n","protected":false},"author":1,"featured_media":0,"parent":0,"menu_order":0,"comment_status":"closed","ping_status":"closed","template":"","meta":{"site-sidebar-layout":"default","site-content-layout":"","ast-site-content-layout":"default","site-content-style":"default","site-sidebar-style":"default","ast-global-header-display":"","ast-banner-title-visibility":"","ast-main-header-display":"","ast-hfb-above-header-display":"","ast-hfb-below-header-display":"","ast-hfb-mobile-header-display":"","site-post-title":"","ast-breadcrumbs-content":"","ast-featured-img":"","footer-sml-layout":"","theme-transparent-header-meta":"","adv-header-id-meta":"","stick-header-meta":"","header-above-stick-meta":"","header-main-stick-meta":"","header-below-stick-meta":"","astra-migrate-meta-layouts":"default","ast-page-background-enabled":"default","ast-page-background-meta":{"desktop":{"background-color":"var(--ast-global-color-5)","background-image":"","background-repeat":"repeat","background-position":"center center","background-size":"auto","background-attachment":"scroll","background-type":"","background-media":"","overlay-type":"","overlay-color":"","overlay-opacity":"","overlay-gradient":""},"tablet":{"background-color":"","background-image":"","background-repeat":"repeat","background-position":"center center","background-size":"auto","background-attachment":"scroll","background-type":"","background-media":"","overlay-type":"","overlay-color":"","overlay-opacity":"","overlay-gradient":""},"mobile":{"background-color":"","background-image":"","background-repeat":"repeat","background-position":"center center","background-size":"auto","background-attachment":"scroll","background-type":"","background-media":"","overlay-type":"","overlay-color":"","overlay-opacity":"","overlay-gradient":""}},"ast-content-background-meta":{"desktop":{"background-color":"var(--ast-global-color-4)","background-image":"","background-repeat":"repeat","background-position":"center center","background-size":"auto","background-attachment":"scroll","background-type":"","background-media":"","overlay-type":"","overlay-color":"","overlay-opacity":"","overlay-gradient":""},"tablet":{"background-color":"var(--ast-global-color-4)","background-image":"","background-repeat":"repeat","background-position":"center center","background-size":"auto","background-attachment":"scroll","background-type":"","background-media":"","overlay-type":"","overlay-color":"","overlay-opacity":"","overlay-gradient":""},"mobile":{"background-color":"var(--ast-global-color-4)","background-image":"","background-repeat":"repeat","background-position":"center center","background-size":"auto","background-attachment":"scroll","background-type":"","background-media":"","overlay-type":"","overlay-color":"","overlay-opacity":"","overlay-gradient":""}},"footnotes":""},"class_list":["post-12","page","type-page","status-publish","hentry"],"_links":{"self":[{"href":"https:\/\/slotsbjergbyforsamlingshus.dk\/index.php\/wp-json\/wp\/v2\/pages\/12","targetHints":{"allow":["GET"]}}],"collection":[{"href":"https:\/\/slotsbjergbyforsamlingshus.dk\/index.php\/wp-json\/wp\/v2\/pages"}],"about":[{"href":"https:\/\/slotsbjergbyforsamlingshus.dk\/index.php\/wp-json\/wp\/v2\/types\/page"}],"author":[{"embeddable":true,"href":"https:\/\/slotsbjergbyforsamlingshus.dk\/index.php\/wp-json\/wp\/v2\/users\/1"}],"replies":[{"embeddable":true,"href":"https:\/\/slotsbjergbyforsamlingshus.dk\/index.php\/wp-json\/wp\/v2\/comments?post=12"}],"version-history":[{"count":1,"href":"https:\/\/slotsbjergbyforsamlingshus.dk\/index.php\/wp-json\/wp\/v2\/pages\/12\/revisions"}],"predecessor-version":[{"id":13,"href":"https:\/\/slotsbjergbyforsamlingshus.dk\/index.php\/wp-json\/wp\/v2\/pages\/12\/revisions\/13"}],"wp:attachment":[{"href":"https:\/\/slotsbjergbyforsamlingshus.dk\/index.php\/wp-json\/wp\/v2\/media?parent=12"}],"curies":[{"name":"wp","href":"https:\/\/api.w.org\/{rel}","templated":true}]}}